{"id":17212,"date":"2023-09-05T14:59:40","date_gmt":"2023-09-05T12:59:40","guid":{"rendered":"https:\/\/www.homburg-holland.com\/it-origin\/"},"modified":"2025-07-22T11:44:01","modified_gmt":"2025-07-22T09:44:01","slug":"it-origin","status":"publish","type":"page","link":"https:\/\/www.homburg-holland.com\/pl\/it-origin\/","title":{"rendered":"Pocz\u0105tki"},"content":{"rendered":"<p><div class=\"fusion-fullwidth fullwidth-box fusion-builder-row-1 fusion-flex-container has-pattern-background has-mask-background fusion-parallax-none hundred-percent-fullwidth non-hundred-percent-height-scrolling lazyload\" style=\"--awb-border-sizes-bottom:10px;--awb-border-color:var(--awb-custom_color_7);--awb-border-radius-top-left:0px;--awb-border-radius-top-right:0px;--awb-border-radius-bottom-right:0px;--awb-border-radius-bottom-left:0px;--awb-padding-top:0px;--awb-padding-right:0px;--awb-padding-bottom:0px;--awb-padding-left:0px;--awb-min-height:30vw;--awb-min-height-small:300px;--awb-background-size:cover;--awb-flex-wrap:wrap;\" data-bg=\"https:\/\/www.homburg-holland.com\/wp-content\/uploads\/2023\/09\/Homburg-Holland-precisielandbouw-man-in-veld.jpg\" ><div class=\"fusion-builder-row fusion-row fusion-flex-align-items-flex-start fusion-flex-align-content-flex-start fusion-flex-content-wrap\" style=\"width:104% !important;max-width:104% !important;margin-left: calc(-4% \/ 2 );margin-right: calc(-4% \/ 2 );\"><div class=\"fusion-layout-column fusion_builder_column fusion-builder-column-0 fusion_builder_column_1_2 1_2 fusion-flex-column fusion-flex-align-self-flex-start\" style=\"--awb-z-index:50000;--awb-bg-size:cover;--awb-width-large:50%;--awb-margin-top-large:10vh;--awb-spacing-right-large:3.84%;--awb-margin-bottom-large:-30vw;--awb-spacing-left-large:23.04%;--awb-width-medium:50%;--awb-order-medium:0;--awb-margin-top-medium:8vh;--awb-spacing-right-medium:3.84%;--awb-spacing-left-medium:23.04%;--awb-width-small:100%;--awb-order-small:0;--awb-margin-top-small:5vh;--awb-spacing-right-small:60px;--awb-spacing-left-small:60px;\"><div class=\"fusion-column-wrapper fusion-column-has-shadow fusion-flex-justify-content-flex-start fusion-content-layout-column\"><div class=\"fusion-title title fusion-title-1 fusion-sep-none fusion-title-text fusion-title-size-one heading-title\" style=\"--awb-text-color:var(--awb-color1);--awb-margin-top-small:10px;--awb-margin-right-small:0px;--awb-margin-bottom-small:10px;--awb-margin-left-small:0px;--awb-font-size:2.5vw;\"><h1 class=\"fusion-title-heading title-heading-left fusion-responsive-typography-calculated\" style=\"margin:0;font-size:1em;--fontSize:16;--minFontSize:16;line-height:var(--awb-typography1-line-height);\">Pocz\u0105tki<\/h1><\/div><\/div><\/div><div class=\"fusion-layout-column fusion_builder_column fusion-builder-column-1 fusion_builder_column_1_1 1_1 fusion-flex-column\" style=\"--awb-z-index:1;--awb-bg-size:cover;--awb-width-large:100%;--awb-margin-top-large:0px;--awb-spacing-right-large:1.92%;--awb-margin-bottom-large:20px;--awb-spacing-left-large:1.92%;--awb-width-medium:100%;--awb-order-medium:0;--awb-spacing-right-medium:1.92%;--awb-spacing-left-medium:1.92%;--awb-width-small:100%;--awb-order-small:0;--awb-spacing-right-small:1.92%;--awb-spacing-left-small:1.92%;\"><div class=\"fusion-column-wrapper fusion-column-has-shadow fusion-flex-justify-content-flex-start fusion-content-layout-block\"><div display=\"none\"><!-- HEADING ELEMENT INFO-->\n\n<!--\nOnderstaand in de <style> is de kleur van de border aan te passen. \n.heading-element-border bevat de (variabele) kleur van de rand om de cirkel heen. Hierin zijn de volgende opties:\n\n1. Watermanagement\n2. Zaai- en planttechniek\n3. Precisielandbouw\n4. Gewasverzorging\n6. Grondbewerking\n7. Geen categorie\n\nLet op, 5. is niet meer beschikbaar en wordt zwart.\n\nVerander hieronder het getal in (--awb-custom_color_...) -->\n<\/div>\n\n<style>\n        svg .heading-element-border{fill: var(--awb-custom_color_7); }\n<\/style>\n\n\n\n\n\n\n\n\n<!-- DIT NIET VERANDEREN-->\n\n<svg id=\"header-shape-lg\" xmlns=\"http:\/\/www.w3.org\/2000\/svg\" viewbox=\"0 0 1920 600\">\n    \n    <path class=\"heading-element-border\" d=\"M0,0v404.7c162.7,97.2,352.9,153,556.2,153c408.1,0,763.5-225,949.2-557.7H0z\"\/>\n<path class=\"heading-element\" d=\"M0,0v433c151,79.6,323.1,124.7,505.7,124.7c408.1,0,763.5-225,949.2-557.7H0z\"\/>\n<\/svg>\n\n<svg id=\"header-shape-md\" xmlns=\"http:\/\/ww.w3.org\/2000\/svg\" viewbox=\"0 0 1650 600\">\n    <path class=\"heading-element-border\" d=\"M0,0v404.7c162.7,97.2,352.9,153,556.2,153c408.1,0,763.5-225,949.2-557.7H0z\"\/>\n<path class=\"heading-element\" d=\"M0,0v433c151,79.6,323.1,124.7,505.7,124.7c408.1,0,763.5-225,949.2-557.7H0z\"\/>\n<\/svg>\n\n<svg id=\"header-shape-sm\" xmlns=\"http:\/\/www.w3.org\/2000\/svg\" viewbox=\"0 0 1550 700\">\n    <path class=\"heading-element-border\" d=\"M0,0v404.7c162.7,97.2,352.9,153,556.2,153c408.1,0,763.5-225,949.2-557.7H0z\"\/>\n<path class=\"heading-element\" d=\"M0,0v433c151,79.6,323.1,124.7,505.7,124.7c408.1,0,763.5-225,949.2-557.7H0z\"\/>\n<\/svg>\n\n<style>\n        svg .heading-element{fill: #C00D0D; }\n<\/style><\/div><\/div><\/div><\/div><div class=\"fusion-fullwidth fullwidth-box fusion-builder-row-2 fusion-flex-container has-pattern-background has-mask-background hundred-percent-fullwidth non-hundred-percent-height-scrolling\" style=\"--awb-border-radius-top-left:0px;--awb-border-radius-top-right:0px;--awb-border-radius-bottom-right:0px;--awb-border-radius-bottom-left:0px;--awb-padding-top:10px;--awb-padding-bottom:10px;--awb-flex-wrap:wrap;\" ><div class=\"fusion-builder-row fusion-row fusion-flex-align-items-center fusion-flex-content-wrap\" style=\"width:104% !important;max-width:104% !important;margin-left: calc(-4% \/ 2 );margin-right: calc(-4% \/ 2 );\"><div class=\"fusion-layout-column fusion_builder_column fusion-builder-column-2 fusion_builder_column_1_1 1_1 fusion-flex-column fusion-flex-align-self-flex-end\" style=\"--awb-z-index:50000;--awb-overflow:visible;--awb-bg-size:cover;--awb-width-large:100%;--awb-margin-top-large:0px;--awb-spacing-right-large:1.92%;--awb-margin-bottom-large:0px;--awb-spacing-left-large:1.92%;--awb-width-medium:100%;--awb-order-medium:0;--awb-spacing-right-medium:1.92%;--awb-spacing-left-medium:1.92%;--awb-width-small:100%;--awb-order-small:0;--awb-spacing-right-small:1.92%;--awb-spacing-left-small:1.92%;\"><div class=\"fusion-column-wrapper fusion-column-has-shadow fusion-flex-justify-content-flex-start fusion-content-layout-column\"><nav class=\"fusion-breadcrumbs fusion-breadcrumbs-1\" style=\"--awb-alignment:left;--awb-breadcrumb-sep:&#039;&gt;&#039;;text-align:left;\" aria-label=\"Breadcrumb\"><nav aria-label=\"breadcrumbs\" class=\"rank-math-breadcrumb\"><p><span class=\"last\">Home<\/span><\/p><\/nav><\/nav><\/div><\/div><\/div><\/div><div class=\"fusion-fullwidth fullwidth-box fusion-builder-row-3 fusion-flex-container has-pattern-background has-mask-background hundred-percent-fullwidth non-hundred-percent-height-scrolling\" style=\"--awb-border-radius-top-left:0px;--awb-border-radius-top-right:0px;--awb-border-radius-bottom-right:0px;--awb-border-radius-bottom-left:0px;--awb-padding-top:50px;--awb-padding-bottom:50px;--awb-flex-wrap:wrap;\" ><div class=\"fusion-builder-row fusion-row fusion-flex-align-items-flex-start fusion-flex-content-wrap\" style=\"width:104% !important;max-width:104% !important;margin-left: calc(-4% \/ 2 );margin-right: calc(-4% \/ 2 );\"><div class=\"fusion-layout-column fusion_builder_column fusion-builder-column-3 fusion_builder_column_1_2 1_2 fusion-flex-column\" style=\"--awb-bg-size:cover;--awb-width-large:50%;--awb-margin-top-large:0px;--awb-spacing-right-large:3.84%;--awb-margin-bottom-large:20px;--awb-spacing-left-large:3.84%;--awb-width-medium:50%;--awb-order-medium:0;--awb-spacing-right-medium:3.84%;--awb-spacing-left-medium:3.84%;--awb-width-small:100%;--awb-order-small:0;--awb-spacing-right-small:1.92%;--awb-spacing-left-small:1.92%;\"><div class=\"fusion-column-wrapper fusion-column-has-shadow fusion-flex-justify-content-flex-start fusion-content-layout-column\"><div class=\"fusion-title title fusion-title-2 fusion-sep-none fusion-title-text fusion-title-size-two\" style=\"--awb-margin-top-small:10px;--awb-margin-right-small:0px;--awb-margin-bottom-small:10px;--awb-margin-left-small:0px;\"><h2 class=\"fusion-title-heading title-heading-left fusion-responsive-typography-calculated\" style=\"margin:0;--fontSize:32;line-height:var(--awb-typography1-line-height);\">Homburg na przestrzeni lat<\/h2><\/div><div class=\"fusion-text fusion-text-1\"><p>Zak\u0142ad maszynowy Homburg zawdzi\u0119cza swoj\u0105 nazw\u0119 nie\u017cyj\u0105cemu ju\u017c F. Homburgowi, rolnikowi z Vrouwenparochie obdarzonemu du\u017c\u0105 pomys\u0142owo\u015bci\u0105 techniczn\u0105, kt\u00f3ry w 1961 r. wprowadzi\u0142 na rynek tzw. odci\u0105\u017cnik HK dla kr\u00f3w. Pan Homburg za\u0142o\u017cy\u0142 ma\u0142\u0105 firm\u0119 maszynow\u0105 na Lange Bourren w Stiens. Stiens znajdowa\u0142o si\u0119 w samym sercu obszaru rolniczego, gdzie proces racjonalizacji i mechanizacji przyspieszy\u0142 rolnictwo. Pan Homburg zareagowa\u0142 na ten rozw\u00f3j sytuacji, importuj\u0105c i handluj\u0105c maszynami rolniczymi. Obejmowa\u0142y one opryskiwacze i opryskiwacze do kontroli upraw du\u0144skiego producenta HARDI, kt\u00f3rego do dzi\u015b jeste\u015bmy importerem w Holandii.<\/p>\n<\/div><\/div><\/div><div class=\"fusion-layout-column fusion_builder_column fusion-builder-column-4 fusion_builder_column_1_2 1_2 fusion-flex-column\" style=\"--awb-bg-size:cover;--awb-width-large:50%;--awb-margin-top-large:0px;--awb-spacing-right-large:3.84%;--awb-margin-bottom-large:0px;--awb-spacing-left-large:3.84%;--awb-width-medium:50%;--awb-order-medium:0;--awb-spacing-right-medium:3.84%;--awb-spacing-left-medium:3.84%;--awb-width-small:100%;--awb-order-small:0;--awb-spacing-right-small:1.92%;--awb-spacing-left-small:1.92%;\"><div class=\"fusion-column-wrapper fusion-column-has-shadow fusion-flex-justify-content-flex-start fusion-content-layout-column\"><div class=\"fusion-image-element \" style=\"--awb-caption-title-font-family:var(--h2_typography-font-family);--awb-caption-title-font-weight:var(--h2_typography-font-weight);--awb-caption-title-font-style:var(--h2_typography-font-style);--awb-caption-title-size:var(--h2_typography-font-size);--awb-caption-title-transform:var(--h2_typography-text-transform);--awb-caption-title-line-height:var(--h2_typography-line-height);--awb-caption-title-letter-spacing:var(--h2_typography-letter-spacing);\"><span class=\" fusion-imageframe imageframe-none imageframe-1 hover-type-none\"><img decoding=\"async\" width=\"1072\" height=\"697\" title=\"Frits_homburg\" src=\"https:\/\/www.homburg-holland.com\/wp-content\/uploads\/2023\/09\/Frits_homburg.jpg\" data-orig-src=\"https:\/\/www.homburg-holland.com\/wp-content\/uploads\/2023\/09\/Frits_homburg.jpg\" alt class=\"lazyload img-responsive wp-image-1093\" srcset=\"data:image\/svg+xml,%3Csvg%20xmlns%3D%27http%3A%2F%2Fwww.w3.org%2F2000%2Fsvg%27%20width%3D%271072%27%20height%3D%27697%27%20viewBox%3D%270%200%201072%20697%27%3E%3Crect%20width%3D%271072%27%20height%3D%27697%27%20fill-opacity%3D%220%22%2F%3E%3C%2Fsvg%3E\" data-srcset=\"https:\/\/www.homburg-holland.com\/wp-content\/uploads\/2023\/09\/Frits_homburg-200x130.jpg 200w, https:\/\/www.homburg-holland.com\/wp-content\/uploads\/2023\/09\/Frits_homburg-400x260.jpg 400w, https:\/\/www.homburg-holland.com\/wp-content\/uploads\/2023\/09\/Frits_homburg-600x390.jpg 600w, https:\/\/www.homburg-holland.com\/wp-content\/uploads\/2023\/09\/Frits_homburg-800x520.jpg 800w, https:\/\/www.homburg-holland.com\/wp-content\/uploads\/2023\/09\/Frits_homburg.jpg 1072w\" data-sizes=\"auto\" data-orig-sizes=\"(max-width: 640px) 100vw, 600px\" \/><\/span><\/div><\/div><\/div><\/div><\/div><div class=\"fusion-fullwidth fullwidth-box fusion-builder-row-4 fusion-flex-container has-pattern-background has-mask-background hundred-percent-fullwidth non-hundred-percent-height-scrolling\" style=\"--awb-border-radius-top-left:0px;--awb-border-radius-top-right:0px;--awb-border-radius-bottom-right:0px;--awb-border-radius-bottom-left:0px;--awb-padding-top:50px;--awb-padding-bottom:50px;--awb-background-color:var(--awb-color4);--awb-flex-wrap:wrap;\" ><div class=\"fusion-builder-row fusion-row fusion-flex-align-items-flex-start fusion-flex-content-wrap\" style=\"width:104% !important;max-width:104% !important;margin-left: calc(-4% \/ 2 );margin-right: calc(-4% \/ 2 );\"><div class=\"fusion-layout-column fusion_builder_column fusion-builder-column-5 fusion_builder_column_1_2 1_2 fusion-flex-column\" style=\"--awb-bg-size:cover;--awb-width-large:50%;--awb-margin-top-large:0px;--awb-spacing-right-large:3.84%;--awb-margin-bottom-large:20px;--awb-spacing-left-large:3.84%;--awb-width-medium:50%;--awb-order-medium:0;--awb-spacing-right-medium:3.84%;--awb-spacing-left-medium:3.84%;--awb-width-small:100%;--awb-order-small:0;--awb-spacing-right-small:1.92%;--awb-spacing-left-small:1.92%;\"><div class=\"fusion-column-wrapper fusion-column-has-shadow fusion-flex-justify-content-flex-start fusion-content-layout-column\"><div class=\"fusion-image-element \" style=\"--awb-aspect-ratio: 100 \/ 50;--awb-object-position:50% 43%;--awb-caption-title-font-family:var(--h2_typography-font-family);--awb-caption-title-font-weight:var(--h2_typography-font-weight);--awb-caption-title-font-style:var(--h2_typography-font-style);--awb-caption-title-size:var(--h2_typography-font-size);--awb-caption-title-transform:var(--h2_typography-text-transform);--awb-caption-title-line-height:var(--h2_typography-line-height);--awb-caption-title-letter-spacing:var(--h2_typography-letter-spacing);\"><span class=\" fusion-imageframe imageframe-none imageframe-2 hover-type-none has-aspect-ratio\"><img decoding=\"async\" width=\"682\" height=\"511\" title=\"Oude draincleaners\" src=\"https:\/\/www.homburg-holland.com\/wp-content\/uploads\/2023\/09\/Oude-draincleaners.jpeg\" data-orig-src=\"https:\/\/www.homburg-holland.com\/wp-content\/uploads\/2023\/09\/Oude-draincleaners.jpeg\" class=\"lazyload img-responsive wp-image-1100 img-with-aspect-ratio\" data-parent-fit=\"cover\" data-parent-container=\".fusion-image-element\" alt srcset=\"data:image\/svg+xml,%3Csvg%20xmlns%3D%27http%3A%2F%2Fwww.w3.org%2F2000%2Fsvg%27%20width%3D%27682%27%20height%3D%27511%27%20viewBox%3D%270%200%20682%20511%27%3E%3Crect%20width%3D%27682%27%20height%3D%27511%27%20fill-opacity%3D%220%22%2F%3E%3C%2Fsvg%3E\" data-srcset=\"https:\/\/www.homburg-holland.com\/wp-content\/uploads\/2023\/09\/Oude-draincleaners-200x150.jpeg 200w, https:\/\/www.homburg-holland.com\/wp-content\/uploads\/2023\/09\/Oude-draincleaners-400x300.jpeg 400w, https:\/\/www.homburg-holland.com\/wp-content\/uploads\/2023\/09\/Oude-draincleaners-600x450.jpeg 600w, https:\/\/www.homburg-holland.com\/wp-content\/uploads\/2023\/09\/Oude-draincleaners.jpeg 682w\" data-sizes=\"auto\" data-orig-sizes=\"(max-width: 640px) 100vw, 600px\" \/><\/span><\/div><\/div><\/div><div class=\"fusion-layout-column fusion_builder_column fusion-builder-column-6 fusion_builder_column_1_2 1_2 fusion-flex-column\" style=\"--awb-bg-size:cover;--awb-width-large:50%;--awb-margin-top-large:0px;--awb-spacing-right-large:3.84%;--awb-margin-bottom-large:20px;--awb-spacing-left-large:3.84%;--awb-width-medium:50%;--awb-order-medium:0;--awb-spacing-right-medium:3.84%;--awb-spacing-left-medium:3.84%;--awb-width-small:100%;--awb-order-small:0;--awb-spacing-right-small:1.92%;--awb-spacing-left-small:1.92%;\"><div class=\"fusion-column-wrapper fusion-column-has-shadow fusion-flex-justify-content-flex-start fusion-content-layout-column\"><div class=\"fusion-title title fusion-title-3 fusion-sep-none fusion-title-text fusion-title-size-two\" style=\"--awb-margin-top-small:10px;--awb-margin-right-small:0px;--awb-margin-bottom-small:10px;--awb-margin-left-small:0px;\"><h2 class=\"fusion-title-heading title-heading-left fusion-responsive-typography-calculated\" style=\"margin:0;--fontSize:32;line-height:var(--awb-typography1-line-height);\">Pochodzenie Draincleaners<\/h2><\/div><div class=\"fusion-text fusion-text-2\"><p>W latach 70-tych firma Homburg wprowadzi\u0142a na rynek sw\u00f3j pierwszy <a href=\"\/nl\/draincleaners\/\"><strong>urz\u0105dzenie do czyszczenia kanalizacji<\/strong><\/a> opatentowany model, kt\u00f3rego szereg typ\u00f3w jest obecnie produkowanych we w\u0142asnym zakresie. Fabryka maszyn Homburg przenios\u0142a si\u0119 do &#8220;It Noarderfjild&#8221; w 1981 roku, osiedla przemys\u0142owego, kt\u00f3re w tamtym czasie wci\u0105\u017c znajdowa\u0142o si\u0119 na obrze\u017cach wioski. Rodzinna firma Stienzer zosta\u0142a przej\u0119ta w 1989 roku przez Johannesa de Boera, kt\u00f3ry wcze\u015bniej pracowa\u0142 jako mened\u017cer w De Boer Supermarkets. W kolejnych latach nast\u0119powa\u0142o stopniowe przej\u0119cie. Niestety, pan Homburg niespodziewanie zmar\u0142 dwa lata po przej\u0119ciu firmy, co spowodowa\u0142o utrat\u0119 du\u017cej cz\u0119\u015bci wiedzy technicznej.<\/p>\n<\/div><\/div><\/div><\/div><\/div><div class=\"fusion-fullwidth fullwidth-box fusion-builder-row-5 fusion-flex-container has-pattern-background has-mask-background hundred-percent-fullwidth non-hundred-percent-height-scrolling\" style=\"--awb-border-radius-top-left:0px;--awb-border-radius-top-right:0px;--awb-border-radius-bottom-right:0px;--awb-border-radius-bottom-left:0px;--awb-padding-top:50px;--awb-padding-bottom:50px;--awb-flex-wrap:wrap;\" ><div class=\"fusion-builder-row fusion-row fusion-flex-align-items-flex-start fusion-flex-content-wrap\" style=\"width:104% !important;max-width:104% !important;margin-left: calc(-4% \/ 2 );margin-right: calc(-4% \/ 2 );\"><div class=\"fusion-layout-column fusion_builder_column fusion-builder-column-7 fusion_builder_column_1_2 1_2 fusion-flex-column\" style=\"--awb-bg-size:cover;--awb-width-large:50%;--awb-margin-top-large:0px;--awb-spacing-right-large:3.84%;--awb-margin-bottom-large:20px;--awb-spacing-left-large:3.84%;--awb-width-medium:50%;--awb-order-medium:0;--awb-spacing-right-medium:3.84%;--awb-spacing-left-medium:3.84%;--awb-width-small:100%;--awb-order-small:0;--awb-spacing-right-small:1.92%;--awb-spacing-left-small:1.92%;\"><div class=\"fusion-column-wrapper fusion-column-has-shadow fusion-flex-justify-content-flex-start fusion-content-layout-column\"><div class=\"fusion-title title fusion-title-4 fusion-sep-none fusion-title-text fusion-title-size-two\" style=\"--awb-margin-top-small:10px;--awb-margin-right-small:0px;--awb-margin-bottom-small:10px;--awb-margin-left-small:0px;\"><h2 class=\"fusion-title-heading title-heading-left fusion-responsive-typography-calculated\" style=\"margin:0;--fontSize:32;line-height:var(--awb-typography1-line-height);\">Homburg teraz<\/h2><\/div><div class=\"fusion-text fusion-text-3\"><p>W ci\u0105gu ostatnich dziesi\u0119cioleci Homburg sta\u0142 si\u0119 powszechnie znan\u0105 mark\u0105 w sektorze rolniczym. Maj\u0105c obecnie w ofercie 17 marek, jeste\u015bmy w stanie reagowa\u0107 na wiele wymaga\u0144 i zmian, kt\u00f3re pojawi\u0142y si\u0119 w wyniku rozwoju rynku. Z naszymi w\u0142asnymi <a href=\"\/nl\/draincleaners\/\"><strong>Draincleaners<\/strong><\/a> i <strong><a href=\"\/nl\/smartsolutions\/\">SmartSOLUTIONS<\/a><\/strong> nieustannie poszukujemy rozwi\u0105za\u0144 i ulepsze\u0144 dla rolnictwa, koncentruj\u0105c si\u0119 na zapotrzebowaniu u\u017cytkownik\u00f3w ko\u0144cowych (a tym samym rynku). Od 2017 roku Jack Thibaudier zast\u0105pi\u0142 Johannesa de Boera, kt\u00f3remu pozwolono cieszy\u0107 si\u0119 zas\u0142u\u017con\u0105 emerytur\u0105.<\/p>\n<\/div><\/div><\/div><div class=\"fusion-layout-column fusion_builder_column fusion-builder-column-8 fusion_builder_column_1_2 1_2 fusion-flex-column\" style=\"--awb-bg-size:cover;--awb-width-large:50%;--awb-margin-top-large:0px;--awb-spacing-right-large:3.84%;--awb-margin-bottom-large:20px;--awb-spacing-left-large:3.84%;--awb-width-medium:50%;--awb-order-medium:0;--awb-spacing-right-medium:3.84%;--awb-spacing-left-medium:3.84%;--awb-width-small:100%;--awb-order-small:0;--awb-spacing-right-small:1.92%;--awb-spacing-left-small:1.92%;\"><div class=\"fusion-column-wrapper fusion-column-has-shadow fusion-flex-justify-content-flex-start fusion-content-layout-column\"><div class=\"fusion-image-element \" style=\"text-align:center;--awb-max-width:200px;--awb-caption-title-font-family:var(--h2_typography-font-family);--awb-caption-title-font-weight:var(--h2_typography-font-weight);--awb-caption-title-font-style:var(--h2_typography-font-style);--awb-caption-title-size:var(--h2_typography-font-size);--awb-caption-title-transform:var(--h2_typography-text-transform);--awb-caption-title-line-height:var(--h2_typography-line-height);--awb-caption-title-letter-spacing:var(--h2_typography-letter-spacing);\"><span class=\" fusion-imageframe imageframe-none imageframe-3 hover-type-none\"><img decoding=\"async\" width=\"810\" height=\"1080\" title=\"Jack 2\" src=\"https:\/\/www.homburg-holland.com\/wp-content\/uploads\/2025\/06\/Jack-2.png\" data-orig-src=\"https:\/\/www.homburg-holland.com\/wp-content\/uploads\/2025\/06\/Jack-2.png\" alt class=\"lazyload img-responsive wp-image-78886\" srcset=\"data:image\/svg+xml,%3Csvg%20xmlns%3D%27http%3A%2F%2Fwww.w3.org%2F2000%2Fsvg%27%20width%3D%27810%27%20height%3D%271080%27%20viewBox%3D%270%200%20810%201080%27%3E%3Crect%20width%3D%27810%27%20height%3D%271080%27%20fill-opacity%3D%220%22%2F%3E%3C%2Fsvg%3E\" data-srcset=\"https:\/\/www.homburg-holland.com\/wp-content\/uploads\/2025\/06\/Jack-2-200x267.png 200w, https:\/\/www.homburg-holland.com\/wp-content\/uploads\/2025\/06\/Jack-2-400x533.png 400w, https:\/\/www.homburg-holland.com\/wp-content\/uploads\/2025\/06\/Jack-2-600x800.png 600w, https:\/\/www.homburg-holland.com\/wp-content\/uploads\/2025\/06\/Jack-2-800x1067.png 800w, https:\/\/www.homburg-holland.com\/wp-content\/uploads\/2025\/06\/Jack-2.png 810w\" data-sizes=\"auto\" data-orig-sizes=\"(max-width: 640px) 100vw, 600px\" \/><\/span><\/div><div class=\"fusion-testimonials classic awb-speech-bubble-show fusion-testimonials-1\" style=\"--awb-textcolor:var(--awb-color8);--awb-backgroundcolor:var(--awb-color4);--awb-testimonial-border-style:solid;--awb-testimonial-border-color:var(--awb-color3);--awb-border-top-left-radius:0px;--awb-border-top-right-radius:0px;--awb-border-bottom-left-radius:0px;--awb-border-bottom-right-radius:0px;--testimonial-border-width-top:0px;--testimonial-border-width-right:0px;--testimonial-border-width-bottom:0px;--testimonial-border-width-left:0px;\" data-random=\"0\" data-speed=\"4000\"><div class=\"reviews\"><div class=\"review active-testimonial male\"><blockquote><div class=\"awb-quote\"><div class=\"awb-quote-content\">&#8220;Nowe produkty musz\u0105 oferowa\u0107 warto\u015b\u0107 lub rozwi\u0105zania dla naszych rolnik\u00f3w i us\u0142ugodawc\u00f3w. Wiedza i jako\u015b\u0107 to podstawowe warto\u015bci, kt\u00f3rych celem jest oszcz\u0119dno\u015b\u0107 zasob\u00f3w i czasu. Doradztwo i transfer wiedzy maj\u0105 kluczowe znaczenie, zar\u00f3wno przed, jak i po zakupie&#8221;.<\/div><\/div><span class=\"awb-triangle\"><\/span><\/blockquote><div class=\"author\"><span class=\"testimonial-thumbnail doe\"><\/span><span class=\"company-name\"><span>Jack Thibaudier, dyrektor Homburg.<\/span><\/span><\/div><\/div><\/div><\/div><\/div><\/div><\/div><\/div><\/p>\n","protected":false},"excerpt":{"rendered":"","protected":false},"author":7,"featured_media":1093,"parent":0,"menu_order":0,"comment_status":"closed","ping_status":"closed","template":"100-width.php","meta":{"_acf_changed":false,"footnotes":""},"kenmerk":[130],"class_list":["post-17212","page","type-page","status-publish","has-post-thumbnail","hentry"],"acf":[],"_links":{"self":[{"href":"https:\/\/www.homburg-holland.com\/pl\/wp-json\/wp\/v2\/pages\/17212","targetHints":{"allow":["GET"]}}],"collection":[{"href":"https:\/\/www.homburg-holland.com\/pl\/wp-json\/wp\/v2\/pages"}],"about":[{"href":"https:\/\/www.homburg-holland.com\/pl\/wp-json\/wp\/v2\/types\/page"}],"author":[{"embeddable":true,"href":"https:\/\/www.homburg-holland.com\/pl\/wp-json\/wp\/v2\/users\/7"}],"replies":[{"embeddable":true,"href":"https:\/\/www.homburg-holland.com\/pl\/wp-json\/wp\/v2\/comments?post=17212"}],"version-history":[{"count":0,"href":"https:\/\/www.homburg-holland.com\/pl\/wp-json\/wp\/v2\/pages\/17212\/revisions"}],"wp:featuredmedia":[{"embeddable":true,"href":"https:\/\/www.homburg-holland.com\/pl\/wp-json\/wp\/v2\/media\/1093"}],"wp:attachment":[{"href":"https:\/\/www.homburg-holland.com\/pl\/wp-json\/wp\/v2\/media?parent=17212"}],"wp:term":[{"taxonomy":"kenmerk","embeddable":true,"href":"https:\/\/www.homburg-holland.com\/pl\/wp-json\/wp\/v2\/kenmerk?post=17212"}],"curies":[{"name":"wp","href":"https:\/\/api.w.org\/{rel}","templated":true}]}}