{"id":17188,"date":"2024-02-14T15:42:31","date_gmt":"2024-02-14T14:42:31","guid":{"rendered":"https:\/\/www.homburg-holland.com\/oswiadczenie-o-ochronie-prywatnosci\/"},"modified":"2024-10-29T13:22:46","modified_gmt":"2024-10-29T12:22:46","slug":"oswiadczenie-o-ochronie-prywatnosci","status":"publish","type":"page","link":"https:\/\/www.homburg-holland.com\/pl\/oswiadczenie-o-ochronie-prywatnosci\/","title":{"rendered":"O\u015bwiadczenie o ochronie prywatno\u015bci"},"content":{"rendered":"<p><div class=\"fusion-fullwidth fullwidth-box fusion-builder-row-1 fusion-flex-container has-pattern-background has-mask-background fusion-parallax-none hundred-percent-fullwidth non-hundred-percent-height-scrolling lazyload\" style=\"--awb-border-sizes-bottom:10px;--awb-border-color:var(--awb-custom_color_7);--awb-border-radius-top-left:0px;--awb-border-radius-top-right:0px;--awb-border-radius-bottom-right:0px;--awb-border-radius-bottom-left:0px;--awb-padding-top:0px;--awb-padding-right:0px;--awb-padding-bottom:0px;--awb-padding-left:0px;--awb-min-height:30vw;--awb-min-height-small:300px;--awb-background-size:cover;--awb-flex-wrap:wrap;\" data-bg=\"https:\/\/www.homburg-holland.com\/wp-content\/uploads\/2023\/09\/Homburg-Holland-precisielandbouw-man-in-veld.jpg\" ><div class=\"fusion-builder-row fusion-row fusion-flex-align-items-flex-start fusion-flex-align-content-flex-start fusion-flex-content-wrap\" style=\"width:104% !important;max-width:104% !important;margin-left: calc(-4% \/ 2 );margin-right: calc(-4% \/ 2 );\"><div class=\"fusion-layout-column fusion_builder_column fusion-builder-column-0 fusion_builder_column_1_2 1_2 fusion-flex-column fusion-flex-align-self-flex-start\" style=\"--awb-z-index:50000;--awb-bg-size:cover;--awb-width-large:50%;--awb-margin-top-large:10vh;--awb-spacing-right-large:3.84%;--awb-margin-bottom-large:-30vw;--awb-spacing-left-large:23.04%;--awb-width-medium:50%;--awb-order-medium:0;--awb-margin-top-medium:8vh;--awb-spacing-right-medium:3.84%;--awb-spacing-left-medium:23.04%;--awb-width-small:100%;--awb-order-small:0;--awb-margin-top-small:5vh;--awb-spacing-right-small:60px;--awb-spacing-left-small:60px;\"><div class=\"fusion-column-wrapper fusion-column-has-shadow fusion-flex-justify-content-flex-start fusion-content-layout-column\"><div class=\"fusion-title title fusion-title-1 fusion-sep-none fusion-title-text fusion-title-size-one heading-title\" style=\"--awb-text-color:var(--awb-color1);--awb-margin-top-small:10px;--awb-margin-right-small:0px;--awb-margin-bottom-small:10px;--awb-margin-left-small:0px;--awb-font-size:2.5vw;\"><h1 class=\"fusion-title-heading title-heading-left fusion-responsive-typography-calculated\" style=\"margin:0;font-size:1em;--fontSize:16;--minFontSize:16;line-height:var(--awb-typography1-line-height);\">O\u015bwiadczenie o ochronie prywatno\u015bci<\/h1><\/div><\/div><\/div><div class=\"fusion-layout-column fusion_builder_column fusion-builder-column-1 fusion_builder_column_1_1 1_1 fusion-flex-column\" style=\"--awb-z-index:1;--awb-bg-size:cover;--awb-width-large:100%;--awb-margin-top-large:0px;--awb-spacing-right-large:1.92%;--awb-margin-bottom-large:20px;--awb-spacing-left-large:1.92%;--awb-width-medium:100%;--awb-order-medium:0;--awb-spacing-right-medium:1.92%;--awb-spacing-left-medium:1.92%;--awb-width-small:100%;--awb-order-small:0;--awb-spacing-right-small:1.92%;--awb-spacing-left-small:1.92%;\"><div class=\"fusion-column-wrapper fusion-column-has-shadow fusion-flex-justify-content-flex-start fusion-content-layout-block\">\n<div display=\"none\"><!-- HEADING ELEMENT INFO--><\/p>\n<p><!-- Onderstaand in de \n\n<style> is de kleur van de border aan te passen. \n.heading-element-border bevat de (variabele) kleur van de rand om de cirkel heen. Hierin zijn de volgende opties:\n\n1. Watermanagement\n2. Zaai- en planttechniek\n3. Precisielandbouw\n4. Gewasverzorging\n6. Grondbewerking\n7. Geen categorie\n\nLet op, 5. is niet meer beschikbaar en wordt zwart.\n\nVerander hieronder het getal in (--awb-custom_color_...) -->\n<\/div>\n<style>\n        svg .heading-element-border{fill: var(--awb-custom_color_7); }\n<\/style>\n<p><!-- DIT NIET VERANDEREN--><\/p>\n<p><svg id=\"header-shape-lg\" xmlns=\"http:\/\/www.w3.org\/2000\/svg\" viewbox=\"0 0 1920 600\"><\/p>\n<path class=\"heading-element-border\" d=\"M0,0v404.7c162.7,97.2,352.9,153,556.2,153c408.1,0,763.5-225,949.2-557.7H0z\"\/>\n<path class=\"heading-element\" d=\"M0,0v433c151,79.6,323.1,124.7,505.7,124.7c408.1,0,763.5-225,949.2-557.7H0z\"\/>\n<\/svg><\/p>\n<p><svg id=\"header-shape-md\" xmlns=\"http:\/\/ww.w3.org\/2000\/svg\" viewbox=\"0 0 1650 600\">\n    <path class=\"heading-element-border\" d=\"M0,0v404.7c162.7,97.2,352.9,153,556.2,153c408.1,0,763.5-225,949.2-557.7H0z\"\/>\n<path class=\"heading-element\" d=\"M0,0v433c151,79.6,323.1,124.7,505.7,124.7c408.1,0,763.5-225,949.2-557.7H0z\"\/>\n<\/svg><\/p>\n<p><svg id=\"header-shape-sm\" xmlns=\"http:\/\/www.w3.org\/2000\/svg\" viewbox=\"0 0 1550 700\">\n    <path class=\"heading-element-border\" d=\"M0,0v404.7c162.7,97.2,352.9,153,556.2,153c408.1,0,763.5-225,949.2-557.7H0z\"\/>\n<path class=\"heading-element\" d=\"M0,0v433c151,79.6,323.1,124.7,505.7,124.7c408.1,0,763.5-225,949.2-557.7H0z\"\/>\n<\/svg><\/p>\n<style>\n        svg .heading-element{fill: #C00D0D; }\n<\/style>\n<\/div><\/div><\/div><\/div><div class=\"fusion-fullwidth fullwidth-box fusion-builder-row-2 fusion-flex-container has-pattern-background has-mask-background hundred-percent-fullwidth non-hundred-percent-height-scrolling\" style=\"--awb-border-radius-top-left:0px;--awb-border-radius-top-right:0px;--awb-border-radius-bottom-right:0px;--awb-border-radius-bottom-left:0px;--awb-padding-top:10px;--awb-padding-bottom:10px;--awb-flex-wrap:wrap;\" ><div class=\"fusion-builder-row fusion-row fusion-flex-align-items-center fusion-flex-content-wrap\" style=\"width:104% !important;max-width:104% !important;margin-left: calc(-4% \/ 2 );margin-right: calc(-4% \/ 2 );\"><div class=\"fusion-layout-column fusion_builder_column fusion-builder-column-2 fusion_builder_column_1_1 1_1 fusion-flex-column fusion-flex-align-self-flex-end\" style=\"--awb-z-index:50000;--awb-overflow:visible;--awb-bg-size:cover;--awb-width-large:100%;--awb-margin-top-large:0px;--awb-spacing-right-large:1.92%;--awb-margin-bottom-large:0px;--awb-spacing-left-large:1.92%;--awb-width-medium:100%;--awb-order-medium:0;--awb-spacing-right-medium:1.92%;--awb-spacing-left-medium:1.92%;--awb-width-small:100%;--awb-order-small:0;--awb-spacing-right-small:1.92%;--awb-spacing-left-small:1.92%;\"><div class=\"fusion-column-wrapper fusion-column-has-shadow fusion-flex-justify-content-flex-start fusion-content-layout-column\"><nav class=\"fusion-breadcrumbs fusion-breadcrumbs-1\" style=\"--awb-alignment:left;--awb-breadcrumb-sep:&#039;&gt;&#039;;text-align:left;\" aria-label=\"Breadcrumb\"><nav aria-label=\"breadcrumbs\" class=\"rank-math-breadcrumb\"><p><span class=\"last\">Home<\/span><\/p><\/nav><\/nav><\/div><\/div><\/div><\/div><div class=\"fusion-fullwidth fullwidth-box fusion-builder-row-3 fusion-flex-container has-pattern-background has-mask-background nonhundred-percent-fullwidth non-hundred-percent-height-scrolling\" style=\"--awb-border-radius-top-left:0px;--awb-border-radius-top-right:0px;--awb-border-radius-bottom-right:0px;--awb-border-radius-bottom-left:0px;--awb-flex-wrap:wrap;\" ><div class=\"fusion-builder-row fusion-row fusion-flex-align-items-flex-start fusion-flex-content-wrap\" style=\"max-width:1248px;margin-left: calc(-4% \/ 2 );margin-right: calc(-4% \/ 2 );\"><div class=\"fusion-layout-column fusion_builder_column fusion-builder-column-3 fusion_builder_column_1_1 1_1 fusion-flex-column\" style=\"--awb-bg-size:cover;--awb-width-large:100%;--awb-margin-top-large:0px;--awb-spacing-right-large:1.92%;--awb-margin-bottom-large:20px;--awb-spacing-left-large:1.92%;--awb-width-medium:100%;--awb-order-medium:0;--awb-spacing-right-medium:1.92%;--awb-spacing-left-medium:1.92%;--awb-width-small:100%;--awb-order-small:0;--awb-spacing-right-small:1.92%;--awb-spacing-left-small:1.92%;\"><div class=\"fusion-column-wrapper fusion-column-has-shadow fusion-flex-justify-content-flex-start fusion-content-layout-column\"><div class=\"fusion-text fusion-text-1\"><p><strong>Zbieraj &amp; wykorzystywania danych osobowych klient\u00f3w, dostawc\u00f3w i innych kontrahent\u00f3w<\/strong><br \/>Pragniemy zaznaczy\u0107, \u017ce b\u0119dziemy zbiera\u0107 i wykorzystywa\u0107 przekazane nam przez Pa\u0144stwa dane osobowe, poniewa\u017c jest to niezb\u0119dne do zawarcia i wykonania jakiejkolwiek umowy z Pa\u0144stwem. Dotyczy to zar\u00f3wno naszych (potencjalnych) klient\u00f3w, jak i stron, od kt\u00f3rych kupujemy dzia\u0142alno\u015b\u0107 i\/lub us\u0142ugi. Je\u015bli jest Pan\/Pani naszym (potencjalnym) klientem, wykorzystujemy Pana\/Pani dane w celu przes\u0142ania Panu\/Pani oferty, ustalenia, jakie specyfikacje lub \u017cyczenia powinien spe\u0142nia\u0107 dany przedmiot lub us\u0142uga, dostarczenia Panu\/Pani towar\u00f3w lub wykonania dla Pana\/Pani pracy, wystawienia Panu\/Pani faktury oraz sprawnego i skutecznego komunikowania si\u0119 z Panem\/Pani\u0105 w sprawie aspekt\u00f3w realizacji umowy. Je\u017celi jeste\u015b (potencjalnym) dostawc\u0105 lub innym kontrahentem, Twoje dane osobowe s\u0105 r\u00f3wnie\u017c niezb\u0119dne do zawarcia i wykonania umowy. Podczas zakupu jest to konieczne, aby poinformowa\u0107 Ci\u0119, jakie specyfikacje lub \u017cyczenia musi naszym zdaniem spe\u0142nia\u0107 dany przedmiot lub us\u0142uga, aby\u015bmy mogli wys\u0142a\u0107 Ci zapytanie ofertowe lub z\u0142o\u017cy\u0107 u Ciebie zam\u00f3wienie, aby\u015bmy mogli op\u0142aci\u0107 Twoje faktury i aby m\u00f3c p\u0142ynnie i skutecznie komunikowa\u0107 si\u0119 z Tob\u0105 w sprawie innych aspekt\u00f3w umowy.  Nie maj\u0105 Pa\u0144stwo obowi\u0105zku przekazywania nam swoich danych osobowych. Je\u017celi jednak nie przeka\u017cesz nam \u017cadnych danych osobowych lub b\u0119dzie ich niewystarczaj\u0105ca, mo\u017cemy nie by\u0107 w stanie przeprowadzi\u0107 ww. czynno\u015bci. <strong>Przekazanie osobom trzecim<\/strong> W zwi\u0105zku z realizacj\u0105 jakiejkolwiek umowy z Tob\u0105, mo\u017cemy by\u0107 zmuszeni do udost\u0119pnienia Twoich danych osobowych podmiotom dostarczaj\u0105cym nam cz\u0119\u015bci, materia\u0142y i produkty lub wykonuj\u0105cym prace w naszym imieniu. Ponadto wykorzystujemy zewn\u0119trzn\u0105 przestrze\u0144 serwerow\u0105 do przechowywania (cz\u0119\u015bci) naszych rejestr\u00f3w sprzeda\u017cy i zakup\u00f3w, kt\u00f3re zawieraj\u0105 Pa\u0144stwa dane osobowe. W tym celu Pa\u0144stwa dane osobowe s\u0105 przekazywane naszemu dostawcy przestrzeni serwerowej. Ponadto korzystamy z pakietu Microsoft Office i jego funkcji przechowywania wiadomo\u015bci e-mail i innych plik\u00f3w. Poniewa\u017c korzystamy z us\u0142ugi wysy\u0142ki newslettera, Twoje dane osobowe zostan\u0105 ostatecznie przekazane dostawcy tej us\u0142ugi. <strong>Marketing bezpo\u015bredni<\/strong> Je\u015bli wyrazi\u0142e\u015b na to zgod\u0119, b\u0119dziemy przechowywa\u0107 i wykorzystywa\u0107 podane przez Ciebie dane osobowe, aby w przysz\u0142o\u015bci osobi\u015bcie informowa\u0107 Ci\u0119 poczt\u0105 elektroniczn\u0105 o naszych istniej\u0105cych i nowych produktach i us\u0142ugach oraz, je\u015bli to konieczne, aby przedstawi\u0107 Ci ofert\u0119 Ten. Za ka\u017cdym razem, gdy wysy\u0142amy do Pa\u0144stwa mailing reklamowy, maj\u0105 Pa\u0144stwo mo\u017cliwo\u015b\u0107 poinformowania nas o tym, \u017ce nie chc\u0105 ju\u017c Pa\u0144stwo go otrzymywa\u0107. Zobacz link do rezygnacji z subskrypcji znajduj\u0105cy si\u0119 na dole ka\u017cdej wiadomo\u015bci. <strong>Okres przechowywania danych osobowych<\/strong> Je\u015bli poprosi\u0142e\u015b nas o wycen\u0119, ale nie zosta\u0142e\u015b naszym klientem, usuniemy Twoje dane nie p\u00f3\u017aniej ni\u017c trzy lata od naszego ostatniego kontaktu. Podobnie, je\u015bli otrzymali\u015bmy od Pa\u0144stwa ofert\u0119, ale nie zostali\u015bmy Pa\u0144stwa klientem, Pa\u0144stwa dane osobowe zostan\u0105 usuni\u0119te nie p\u00f3\u017aniej ni\u017c trzy lata po naszym ostatnim kontakcie. Je\u015bli zosta\u0142 Pan\/Pani naszym klientem lub my zostali\u015bmy naszym klientem, b\u0119dziemy przechowywa\u0107 Pana\/Pani dane osobowe przez siedem lat po zako\u0144czeniu roku obrotowego, w kt\u00f3rym umowa z Panem\/Pani\u0105 zosta\u0142a w pe\u0142ni wykonana. Okres siedmiu lat odpowiada okresowi, w kt\u00f3rym jeste\u015bmy zobowi\u0105zani do przechowywania dokumentacji dla organ\u00f3w podatkowych. Po tym okresie usuniemy Twoje dane osobowe. <strong>Twoje prawa<\/strong> Masz prawo za\u017c\u0105da\u0107 od nas wgl\u0105du do Twoich danych osobowych. W uzasadnionych przypadkach mog\u0105 Pa\u0144stwo r\u00f3wnie\u017c zwr\u00f3ci\u0107 si\u0119 do nas o uzupe\u0142nienie Pa\u0144stwa danych osobowych lub poprawienie nie\u015bcis\u0142o\u015bci. Ponadto maj\u0105 Pa\u0144stwo prawo za\u017c\u0105da\u0107 usuni\u0119cia swoich danych osobowych lub ograniczenia ich wykorzystywania. Mog\u0105 Pa\u0144stwo r\u00f3wnie\u017c sprzeciwi\u0107 si\u0119 gromadzeniu i wykorzystywaniu przez nas Pa\u0144stwa danych lub z\u0142o\u017cy\u0107 skarg\u0119 do Urz\u0119du Ochrony Danych Osobowych. Wreszcie, mo\u017ce Pan\/Pani za\u017c\u0105da\u0107 od nas uzyskania Pana\/Pani danych osobowych lub przekazania ich innej osobie. Aby skorzysta\u0107 ze swoich praw, prosz\u0119 skontaktowa\u0107 si\u0119 z: J. Thibaudier, Homburg Machinehandel B.V. It Noarderfjild 21, 9051BM, Stiens, 0031 (0) 58 257 15 55 oraz info@homburg-holland.com. Oczywi\u015bcie mog\u0105 Pa\u0144stwo r\u00f3wnie\u017c skontaktowa\u0107 si\u0119 z nami w przypadku pyta\u0144 lub w celu uzyskania dodatkowych informacji na temat gromadzenia i wykorzystywania Pa\u0144stwa danych osobowych. Stiens, 22-10-2024<\/p>\n<\/div><div class=\"fusion-text fusion-text-2\"><p><strong>Cookies<\/strong><\/p>\n<\/div><script id=\"CookieDeclaration\" src=\"https:\/\/consent.cookiebot.com\/6ba434a2-8a38-4c6c-97b1-7bb192a0055c\/cd.js\" type=\"text\/javascript\" async><\/script><\/div><\/div><\/div><\/div><\/p>\n","protected":false},"excerpt":{"rendered":"","protected":false},"author":7,"featured_media":0,"parent":0,"menu_order":0,"comment_status":"closed","ping_status":"closed","template":"100-width.php","meta":{"_acf_changed":false,"footnotes":""},"kenmerk":[130],"class_list":["post-17188","page","type-page","status-publish","hentry"],"acf":[],"_links":{"self":[{"href":"https:\/\/www.homburg-holland.com\/pl\/wp-json\/wp\/v2\/pages\/17188","targetHints":{"allow":["GET"]}}],"collection":[{"href":"https:\/\/www.homburg-holland.com\/pl\/wp-json\/wp\/v2\/pages"}],"about":[{"href":"https:\/\/www.homburg-holland.com\/pl\/wp-json\/wp\/v2\/types\/page"}],"author":[{"embeddable":true,"href":"https:\/\/www.homburg-holland.com\/pl\/wp-json\/wp\/v2\/users\/7"}],"replies":[{"embeddable":true,"href":"https:\/\/www.homburg-holland.com\/pl\/wp-json\/wp\/v2\/comments?post=17188"}],"version-history":[{"count":0,"href":"https:\/\/www.homburg-holland.com\/pl\/wp-json\/wp\/v2\/pages\/17188\/revisions"}],"wp:attachment":[{"href":"https:\/\/www.homburg-holland.com\/pl\/wp-json\/wp\/v2\/media?parent=17188"}],"wp:term":[{"taxonomy":"kenmerk","embeddable":true,"href":"https:\/\/www.homburg-holland.com\/pl\/wp-json\/wp\/v2\/kenmerk?post=17188"}],"curies":[{"name":"wp","href":"https:\/\/api.w.org\/{rel}","templated":true}]}}