{"id":17172,"date":"2024-02-14T15:42:31","date_gmt":"2024-02-14T14:42:31","guid":{"rendered":"https:\/\/www.homburg-holland.com\/declaration-de-confidentialite\/"},"modified":"2025-02-04T17:24:08","modified_gmt":"2025-02-04T16:24:08","slug":"declaration-de-confidentialite","status":"publish","type":"page","link":"https:\/\/www.homburg-holland.com\/fr\/declaration-de-confidentialite\/","title":{"rendered":"D\u00e9claration de confidentialit\u00e9"},"content":{"rendered":"<p><div class=\"fusion-fullwidth fullwidth-box fusion-builder-row-1 fusion-flex-container has-pattern-background has-mask-background fusion-parallax-none hundred-percent-fullwidth non-hundred-percent-height-scrolling lazyload\" style=\"--awb-border-sizes-bottom:10px;--awb-border-color:var(--awb-custom_color_7);--awb-border-radius-top-left:0px;--awb-border-radius-top-right:0px;--awb-border-radius-bottom-right:0px;--awb-border-radius-bottom-left:0px;--awb-padding-top:0px;--awb-padding-right:0px;--awb-padding-bottom:0px;--awb-padding-left:0px;--awb-min-height:30vw;--awb-min-height-small:300px;--awb-background-size:cover;--awb-flex-wrap:wrap;\" data-bg=\"https:\/\/www.homburg-holland.com\/wp-content\/uploads\/2023\/09\/Homburg-Holland-precisielandbouw-man-in-veld.jpg\" ><div class=\"fusion-builder-row fusion-row fusion-flex-align-items-flex-start fusion-flex-align-content-flex-start fusion-flex-content-wrap\" style=\"width:104% !important;max-width:104% !important;margin-left: calc(-4% \/ 2 );margin-right: calc(-4% \/ 2 );\"><div class=\"fusion-layout-column fusion_builder_column fusion-builder-column-0 fusion_builder_column_1_2 1_2 fusion-flex-column fusion-flex-align-self-flex-start\" style=\"--awb-z-index:50000;--awb-bg-size:cover;--awb-width-large:50%;--awb-margin-top-large:10vh;--awb-spacing-right-large:3.84%;--awb-margin-bottom-large:-30vw;--awb-spacing-left-large:23.04%;--awb-width-medium:50%;--awb-order-medium:0;--awb-margin-top-medium:8vh;--awb-spacing-right-medium:3.84%;--awb-spacing-left-medium:23.04%;--awb-width-small:100%;--awb-order-small:0;--awb-margin-top-small:5vh;--awb-spacing-right-small:60px;--awb-spacing-left-small:60px;\"><div class=\"fusion-column-wrapper fusion-column-has-shadow fusion-flex-justify-content-flex-start fusion-content-layout-column\"><div class=\"fusion-title title fusion-title-1 fusion-sep-none fusion-title-text fusion-title-size-one heading-title\" style=\"--awb-text-color:var(--awb-color1);--awb-margin-top-small:10px;--awb-margin-right-small:0px;--awb-margin-bottom-small:10px;--awb-margin-left-small:0px;--awb-font-size:2.5vw;\"><h1 class=\"fusion-title-heading title-heading-left fusion-responsive-typography-calculated\" style=\"margin:0;font-size:1em;--fontSize:16;--minFontSize:16;line-height:var(--awb-typography1-line-height);\">D\u00e9claration de confidentialit\u00e9<\/h1><\/div><\/div><\/div><div class=\"fusion-layout-column fusion_builder_column fusion-builder-column-1 fusion_builder_column_1_1 1_1 fusion-flex-column\" style=\"--awb-z-index:1;--awb-bg-size:cover;--awb-width-large:100%;--awb-margin-top-large:0px;--awb-spacing-right-large:1.92%;--awb-margin-bottom-large:20px;--awb-spacing-left-large:1.92%;--awb-width-medium:100%;--awb-order-medium:0;--awb-spacing-right-medium:1.92%;--awb-spacing-left-medium:1.92%;--awb-width-small:100%;--awb-order-small:0;--awb-spacing-right-small:1.92%;--awb-spacing-left-small:1.92%;\"><div class=\"fusion-column-wrapper fusion-column-has-shadow fusion-flex-justify-content-flex-start fusion-content-layout-block\"><div display=\"none\"><!-- HEADING ELEMENT INFO-->\n\n<!-- Onderstaand in de <style> is de kleur van de border aan te passen. \n.heading-element-border bevat de (variabele) kleur van de rand om de cirkel heen. Hierin zijn de volgende opties:\n\n1. Watermanagement\n2. Zaai- en planttechniek\n3. Precisielandbouw\n4. Gewasverzorging\n6. Grondbewerking\n7. Geen categorie\n\nLet op, 5. is niet meer beschikbaar en wordt zwart.\n\nVerander hieronder het getal in (--awb-custom_color_...) -->\n<\/div>\n\n<style>\n        svg .heading-element-border{fill: var(--awb-custom_color_7); }\n<\/style>\n\n\n\n\n\n\n\n\n<!-- DIT NIET VERANDEREN-->\n\n<svg id=\"header-shape-lg\" xmlns=\"http:\/\/www.w3.org\/2000\/svg\" viewbox=\"0 0 1920 600\">\n    \n    <path class=\"heading-element-border\" d=\"M0,0v404.7c162.7,97.2,352.9,153,556.2,153c408.1,0,763.5-225,949.2-557.7H0z\"\/>\n<path class=\"heading-element\" d=\"M0,0v433c151,79.6,323.1,124.7,505.7,124.7c408.1,0,763.5-225,949.2-557.7H0z\"\/>\n<\/svg>\n\n<svg id=\"header-shape-md\" xmlns=\"http:\/\/ww.w3.org\/2000\/svg\" viewbox=\"0 0 1650 600\">\n    <path class=\"heading-element-border\" d=\"M0,0v404.7c162.7,97.2,352.9,153,556.2,153c408.1,0,763.5-225,949.2-557.7H0z\"\/>\n<path class=\"heading-element\" d=\"M0,0v433c151,79.6,323.1,124.7,505.7,124.7c408.1,0,763.5-225,949.2-557.7H0z\"\/>\n<\/svg>\n\n<svg id=\"header-shape-sm\" xmlns=\"http:\/\/www.w3.org\/2000\/svg\" viewbox=\"0 0 1550 700\">\n    <path class=\"heading-element-border\" d=\"M0,0v404.7c162.7,97.2,352.9,153,556.2,153c408.1,0,763.5-225,949.2-557.7H0z\"\/>\n<path class=\"heading-element\" d=\"M0,0v433c151,79.6,323.1,124.7,505.7,124.7c408.1,0,763.5-225,949.2-557.7H0z\"\/>\n<\/svg>\n\n<style>\n        svg .heading-element{fill: #C00D0D; }\n<\/style><\/div><\/div><\/div><\/div><div class=\"fusion-fullwidth fullwidth-box fusion-builder-row-2 fusion-flex-container has-pattern-background has-mask-background hundred-percent-fullwidth non-hundred-percent-height-scrolling\" style=\"--awb-border-radius-top-left:0px;--awb-border-radius-top-right:0px;--awb-border-radius-bottom-right:0px;--awb-border-radius-bottom-left:0px;--awb-padding-top:10px;--awb-padding-bottom:10px;--awb-flex-wrap:wrap;\" ><div class=\"fusion-builder-row fusion-row fusion-flex-align-items-center fusion-flex-content-wrap\" style=\"width:104% !important;max-width:104% !important;margin-left: calc(-4% \/ 2 );margin-right: calc(-4% \/ 2 );\"><div class=\"fusion-layout-column fusion_builder_column fusion-builder-column-2 fusion_builder_column_1_1 1_1 fusion-flex-column fusion-flex-align-self-flex-end\" style=\"--awb-z-index:50000;--awb-overflow:visible;--awb-bg-size:cover;--awb-width-large:100%;--awb-margin-top-large:0px;--awb-spacing-right-large:1.92%;--awb-margin-bottom-large:0px;--awb-spacing-left-large:1.92%;--awb-width-medium:100%;--awb-order-medium:0;--awb-spacing-right-medium:1.92%;--awb-spacing-left-medium:1.92%;--awb-width-small:100%;--awb-order-small:0;--awb-spacing-right-small:1.92%;--awb-spacing-left-small:1.92%;\"><div class=\"fusion-column-wrapper fusion-column-has-shadow fusion-flex-justify-content-flex-start fusion-content-layout-column\"><nav class=\"fusion-breadcrumbs fusion-breadcrumbs-1\" style=\"--awb-alignment:left;--awb-breadcrumb-sep:&#039;&gt;&#039;;text-align:left;\" aria-label=\"Breadcrumb\"><nav aria-label=\"breadcrumbs\" class=\"rank-math-breadcrumb\"><p><span class=\"last\">Home<\/span><\/p><\/nav><\/nav><\/div><\/div><\/div><\/div><div class=\"fusion-fullwidth fullwidth-box fusion-builder-row-3 fusion-flex-container has-pattern-background has-mask-background nonhundred-percent-fullwidth non-hundred-percent-height-scrolling\" style=\"--awb-border-radius-top-left:0px;--awb-border-radius-top-right:0px;--awb-border-radius-bottom-right:0px;--awb-border-radius-bottom-left:0px;--awb-flex-wrap:wrap;\" ><div class=\"fusion-builder-row fusion-row fusion-flex-align-items-flex-start fusion-flex-content-wrap\" style=\"max-width:1248px;margin-left: calc(-4% \/ 2 );margin-right: calc(-4% \/ 2 );\"><div class=\"fusion-layout-column fusion_builder_column fusion-builder-column-3 fusion_builder_column_1_1 1_1 fusion-flex-column\" style=\"--awb-bg-size:cover;--awb-width-large:100%;--awb-margin-top-large:0px;--awb-spacing-right-large:1.92%;--awb-margin-bottom-large:20px;--awb-spacing-left-large:1.92%;--awb-width-medium:100%;--awb-order-medium:0;--awb-spacing-right-medium:1.92%;--awb-spacing-left-medium:1.92%;--awb-width-small:100%;--awb-order-small:0;--awb-spacing-right-small:1.92%;--awb-spacing-left-small:1.92%;\"><div class=\"fusion-column-wrapper fusion-column-has-shadow fusion-flex-justify-content-flex-start fusion-content-layout-column\"><div class=\"fusion-text fusion-text-1\"><p><strong>Collecte et utilisation de donn\u00e9es personnelles aupr\u00e8s de clients, fournisseurs et autres sous-traitants<\/strong> Nous tenons \u00e0 souligner que nous collecterons et utiliserons les donn\u00e9es personnelles que vous nous fournissez car cela est n\u00e9cessaire pour conclure et ex\u00e9cuter tout accord avec vous. Cela s&#8217;applique aussi bien \u00e0 nos clients (potentiels) qu&#8217;aux parties aupr\u00e8s desquelles nous achetons des biens et\/ou des services.  Si vous \u00eates un de nos clients (potentiels), nous utilisons vos donn\u00e9es pour vous envoyer une offre, pour d\u00e9terminer les sp\u00e9cifications ou les souhaits auxquels un certain article ou service doit r\u00e9pondre, pour vous livrer des marchandises ou effectuer des travaux, pour vous facturer et pour communiquer avec vous de mani\u00e8re fluide et efficace sur les aspects d&#8217;ex\u00e9cution de l&#8217;accord. Si vous \u00eates un fournisseur (potentiel) ou un autre contractant, vos donn\u00e9es personnelles sont \u00e9galement n\u00e9cessaires \u00e0 la conclusion et \u00e0 l&#8217;ex\u00e9cution du contrat. Dans le cas de la passation de march\u00e9s, ces donn\u00e9es sont n\u00e9cessaires pour vous faire savoir \u00e0 quelles sp\u00e9cifications ou exigences un article ou un service particulier doit r\u00e9pondre en ce qui nous concerne, pour pouvoir vous envoyer une demande de devis ou passer une commande avec vous, pour pouvoir payer vos factures et pour communiquer avec vous de mani\u00e8re fluide et efficace sur d&#8217;autres aspects de l&#8217;accord.  Vous n&#8217;\u00eates pas oblig\u00e9 de nous fournir vos donn\u00e9es personnelles. Toutefois, si vous ne nous fournissez pas de donn\u00e9es personnelles ou si elles sont insuffisantes, nous pourrions ne pas \u00eatre en mesure de mener \u00e0 bien les activit\u00e9s susmentionn\u00e9es. <strong>Transfert \u00e0 des tiers<\/strong> Dans le cadre de l&#8217;ex\u00e9cution de tout accord avec vous, nous pouvons \u00eatre amen\u00e9s \u00e0 fournir vos donn\u00e9es personnelles \u00e0 des parties qui nous fournissent des pi\u00e8ces, des mat\u00e9riaux et des produits ou effectuent des travaux en notre nom. Nous utilisons \u00e9galement un espace serveur externe pour stocker (une partie de) notre administration des ventes et des achats, dont vos donn\u00e9es personnelles font partie. Vos donn\u00e9es personnelles seront donc fournies \u00e0 notre fournisseur d&#8217;espace serveur. Nous utilisons \u00e9galement Microsoft Office et les options de stockage associ\u00e9es pour les e-mails et autres fichiers. \u00c9tant donn\u00e9 que nous utilisons un service d&#8217;envoi de newsletter, vos donn\u00e9es personnelles seront finalement transmises au fournisseur de ce service. <strong>Marketing direct<\/strong> Si vous nous avez donn\u00e9 votre autorisation, nous stockerons et utiliserons les donn\u00e9es personnelles que vous fournissez pour vous informer personnellement par e-mail \u00e0 l&#8217;avenir sur nos produits et services existants et nouveaux et, si n\u00e9cessaire, pour vous envoyer un proposer pour cela. Chaque fois que nous vous envoyons un mail publicitaire, vous avez la possibilit\u00e9 de nous faire savoir que vous ne souhaitez plus le recevoir. Voir le lien de d\u00e9sinscription en bas de chaque mailing. <strong>Dur\u00e9e de conservation des donn\u00e9es personnelles<\/strong> Si vous nous avez demand\u00e9 un devis mais que vous n&#8217;\u00eates pas devenu client chez nous, nous supprimerons vos donn\u00e9es au plus tard trois ans apr\u00e8s notre dernier contact. M\u00eame si nous avons re\u00e7u un devis de votre part, mais que nous ne sommes pas devenus votre client, vos donn\u00e9es personnelles seront supprim\u00e9es au plus tard trois ans apr\u00e8s notre dernier contact. Si vous \u00eates devenu notre client ou si nous sommes devenus votre client, nous conserverons vos donn\u00e9es personnelles pendant une p\u00e9riode de sept ans apr\u00e8s la fin de l&#8217;exercice au cours duquel le contrat avec vous a \u00e9t\u00e9 pleinement ex\u00e9cut\u00e9. Le d\u00e9lai de sept ans correspond au d\u00e9lai pendant lequel nous sommes tenus de conserver notre administration aupr\u00e8s de l&#8217;administration fiscale. Pass\u00e9 ce d\u00e9lai, nous supprimerons vos donn\u00e9es personnelles. <strong>Vos droits<\/strong> Vous avez le droit de nous demander de consulter vos propres donn\u00e9es personnelles. S&#8217;il y a une raison de le faire, vous pouvez \u00e9galement nous demander de compl\u00e9ter vos donn\u00e9es personnelles ou de corriger des inexactitudes. De plus, vous avez le droit de demander la suppression de vos donn\u00e9es personnelles ou de limiter l&#8217;utilisation de vos donn\u00e9es personnelles. Vous pouvez \u00e9galement vous opposer \u00e0 la collecte et \u00e0 l&#8217;utilisation de vos donn\u00e9es ou d\u00e9poser une plainte aupr\u00e8s de l&#8217;autorit\u00e9 n\u00e9erlandaise de protection des donn\u00e9es. Enfin, vous pouvez nous demander d&#8217;obtenir vos donn\u00e9es personnelles ou de transf\u00e9rer ces donn\u00e9es \u00e0 quelqu&#8217;un d&#8217;autre.                Pour exercer vos droits, veuillez contacter J. Thibaudier, Homburg Machinehandel B.V. It Noarderfjild 21, 9051BM, Stiens, 0031 (0) 58 257 15 55 et info@homburg-holland.com. Bien entendu, vous pouvez \u00e9galement nous contacter si vous avez des questions ou si vous souhaitez obtenir de plus amples informations sur la collecte et l&#8217;utilisation de vos donn\u00e9es personnelles. Stiens, 22-10-2024<\/p>\n<\/div><div class=\"fusion-text fusion-text-2\"><p><strong>Cookies<\/strong><\/p>\n<\/div><script id=\"CookieDeclaration\" src=\"https:\/\/consent.cookiebot.com\/6ba434a2-8a38-4c6c-97b1-7bb192a0055c\/cd.js\" type=\"text\/javascript\" async><\/script><\/div><\/div><\/div><\/div><\/p>\n","protected":false},"excerpt":{"rendered":"","protected":false},"author":7,"featured_media":0,"parent":0,"menu_order":0,"comment_status":"closed","ping_status":"closed","template":"100-width.php","meta":{"_acf_changed":false,"footnotes":""},"kenmerk":[128],"class_list":["post-17172","page","type-page","status-publish","hentry"],"acf":[],"_links":{"self":[{"href":"https:\/\/www.homburg-holland.com\/fr\/wp-json\/wp\/v2\/pages\/17172","targetHints":{"allow":["GET"]}}],"collection":[{"href":"https:\/\/www.homburg-holland.com\/fr\/wp-json\/wp\/v2\/pages"}],"about":[{"href":"https:\/\/www.homburg-holland.com\/fr\/wp-json\/wp\/v2\/types\/page"}],"author":[{"embeddable":true,"href":"https:\/\/www.homburg-holland.com\/fr\/wp-json\/wp\/v2\/users\/7"}],"replies":[{"embeddable":true,"href":"https:\/\/www.homburg-holland.com\/fr\/wp-json\/wp\/v2\/comments?post=17172"}],"version-history":[{"count":0,"href":"https:\/\/www.homburg-holland.com\/fr\/wp-json\/wp\/v2\/pages\/17172\/revisions"}],"wp:attachment":[{"href":"https:\/\/www.homburg-holland.com\/fr\/wp-json\/wp\/v2\/media?parent=17172"}],"wp:term":[{"taxonomy":"kenmerk","embeddable":true,"href":"https:\/\/www.homburg-holland.com\/fr\/wp-json\/wp\/v2\/kenmerk?post=17172"}],"curies":[{"name":"wp","href":"https:\/\/api.w.org\/{rel}","templated":true}]}}