{"id":17321,"date":"2024-02-13T14:10:43","date_gmt":"2024-02-13T13:10:43","guid":{"rendered":"https:\/\/www.homburg-holland.com\/om-os\/"},"modified":"2024-11-26T10:42:59","modified_gmt":"2024-11-26T09:42:59","slug":"om-os","status":"publish","type":"page","link":"https:\/\/www.homburg-holland.com\/da\/om-os\/","title":{"rendered":"Om os"},"content":{"rendered":"<p><div class=\"fusion-fullwidth fullwidth-box fusion-builder-row-1 fusion-flex-container has-pattern-background has-mask-background fusion-parallax-none hundred-percent-fullwidth non-hundred-percent-height-scrolling lazyload\" style=\"--awb-border-sizes-bottom:10px;--awb-border-color:var(--awb-custom_color_7);--awb-border-radius-top-left:0px;--awb-border-radius-top-right:0px;--awb-border-radius-bottom-right:0px;--awb-border-radius-bottom-left:0px;--awb-padding-top:0px;--awb-padding-right:0px;--awb-padding-bottom:0px;--awb-padding-left:0px;--awb-min-height:50vh;--awb-min-height-small:300px;--awb-background-size:cover;--awb-flex-wrap:wrap;\" data-bg=\"https:\/\/www.homburg-holland.com\/wp-content\/uploads\/2023\/09\/Gras.jpeg\" ><div class=\"fusion-builder-row fusion-row fusion-flex-align-items-flex-start fusion-flex-align-content-flex-start fusion-flex-content-wrap\" style=\"width:104% !important;max-width:104% !important;margin-left: calc(-4% \/ 2 );margin-right: calc(-4% \/ 2 );\"><div class=\"fusion-layout-column fusion_builder_column fusion-builder-column-0 fusion_builder_column_1_2 1_2 fusion-flex-column fusion-flex-align-self-flex-start\" style=\"--awb-z-index:50000;--awb-bg-size:cover;--awb-width-large:50%;--awb-margin-top-large:10vh;--awb-spacing-right-large:3.84%;--awb-margin-bottom-large:-30vw;--awb-spacing-left-large:23.04%;--awb-width-medium:50%;--awb-order-medium:0;--awb-margin-top-medium:8vh;--awb-spacing-right-medium:3.84%;--awb-spacing-left-medium:23.04%;--awb-width-small:100%;--awb-order-small:0;--awb-margin-top-small:5vh;--awb-spacing-right-small:60px;--awb-spacing-left-small:60px;\"><div class=\"fusion-column-wrapper fusion-column-has-shadow fusion-flex-justify-content-flex-start fusion-content-layout-column\"><div class=\"fusion-title title fusion-title-1 fusion-sep-none fusion-title-text fusion-title-size-one heading-title\" style=\"--awb-text-color:var(--awb-color1);--awb-margin-top-small:10px;--awb-margin-right-small:0px;--awb-margin-bottom-small:10px;--awb-margin-left-small:0px;--awb-font-size:2.5vw;\"><h1 class=\"fusion-title-heading title-heading-left fusion-responsive-typography-calculated\" style=\"margin:0;font-size:1em;--fontSize:16;--minFontSize:16;line-height:var(--awb-typography1-line-height);\">Om os<\/h1><\/div><\/div><\/div><div class=\"fusion-layout-column fusion_builder_column fusion-builder-column-1 fusion_builder_column_1_1 1_1 fusion-flex-column\" style=\"--awb-z-index:1;--awb-bg-size:cover;--awb-width-large:100%;--awb-margin-top-large:0px;--awb-spacing-right-large:1.92%;--awb-margin-bottom-large:20px;--awb-spacing-left-large:1.92%;--awb-width-medium:100%;--awb-order-medium:0;--awb-spacing-right-medium:1.92%;--awb-spacing-left-medium:1.92%;--awb-width-small:100%;--awb-order-small:0;--awb-spacing-right-small:1.92%;--awb-spacing-left-small:1.92%;\"><div class=\"fusion-column-wrapper fusion-column-has-shadow fusion-flex-justify-content-flex-start fusion-content-layout-block\"><div display=\"none\"><!-- HEADING ELEMENT INFO-->\n\n<!-- Onderstaand in de <style> is de kleur van de border aan te passen. \n.heading-element-border bevat de (variabele) kleur van de rand om de cirkel heen. Hierin zijn de volgende opties:\n\n1. Watermanagement\n2. Zaai- en planttechniek\n3. Precisielandbouw\n4. Gewasverzorging\n6. Grondbewerking\n7. Geen categorie\n\nLet op, 5. is niet meer beschikbaar en wordt zwart.\n\nVerander hieronder het getal in (--awb-custom_color_...) -->\n<\/div>\n\n<style>\n        svg .heading-element-border{fill: var(--awb-custom_color_7); }\n<\/style>\n\n\n\n\n\n\n\n\n<!-- DIT NIET VERANDEREN-->\n\n<svg id=\"header-shape-lg\" xmlns=\"http:\/\/www.w3.org\/2000\/svg\" viewbox=\"0 0 1920 600\">\n    \n    <path class=\"heading-element-border\" d=\"M0,0v404.7c162.7,97.2,352.9,153,556.2,153c408.1,0,763.5-225,949.2-557.7H0z\"\/>\n<path class=\"heading-element\" d=\"M0,0v433c151,79.6,323.1,124.7,505.7,124.7c408.1,0,763.5-225,949.2-557.7H0z\"\/>\n<\/svg>\n\n<svg id=\"header-shape-md\" xmlns=\"http:\/\/ww.w3.org\/2000\/svg\" viewbox=\"0 0 1650 600\">\n    <path class=\"heading-element-border\" d=\"M0,0v404.7c162.7,97.2,352.9,153,556.2,153c408.1,0,763.5-225,949.2-557.7H0z\"\/>\n<path class=\"heading-element\" d=\"M0,0v433c151,79.6,323.1,124.7,505.7,124.7c408.1,0,763.5-225,949.2-557.7H0z\"\/>\n<\/svg>\n\n<svg id=\"header-shape-sm\" xmlns=\"http:\/\/www.w3.org\/2000\/svg\" viewbox=\"0 0 1550 700\">\n    <path class=\"heading-element-border\" d=\"M0,0v404.7c162.7,97.2,352.9,153,556.2,153c408.1,0,763.5-225,949.2-557.7H0z\"\/>\n<path class=\"heading-element\" d=\"M0,0v433c151,79.6,323.1,124.7,505.7,124.7c408.1,0,763.5-225,949.2-557.7H0z\"\/>\n<\/svg>\n\n<style>\n        svg .heading-element{fill: #C00D0D; }\n<\/style><\/div><\/div><\/div><\/div><div class=\"fusion-fullwidth fullwidth-box fusion-builder-row-2 fusion-flex-container has-pattern-background has-mask-background hundred-percent-fullwidth non-hundred-percent-height-scrolling\" style=\"--awb-border-radius-top-left:0px;--awb-border-radius-top-right:0px;--awb-border-radius-bottom-right:0px;--awb-border-radius-bottom-left:0px;--awb-padding-top:10px;--awb-padding-bottom:10px;--awb-flex-wrap:wrap;\" ><div class=\"fusion-builder-row fusion-row fusion-flex-align-items-center fusion-flex-content-wrap\" style=\"width:104% !important;max-width:104% !important;margin-left: calc(-4% \/ 2 );margin-right: calc(-4% \/ 2 );\"><div class=\"fusion-layout-column fusion_builder_column fusion-builder-column-2 fusion_builder_column_1_1 1_1 fusion-flex-column fusion-flex-align-self-flex-end\" style=\"--awb-z-index:50000;--awb-overflow:visible;--awb-bg-size:cover;--awb-width-large:100%;--awb-margin-top-large:0px;--awb-spacing-right-large:1.92%;--awb-margin-bottom-large:0px;--awb-spacing-left-large:1.92%;--awb-width-medium:100%;--awb-order-medium:0;--awb-spacing-right-medium:1.92%;--awb-spacing-left-medium:1.92%;--awb-width-small:100%;--awb-order-small:0;--awb-spacing-right-small:1.92%;--awb-spacing-left-small:1.92%;\"><div class=\"fusion-column-wrapper fusion-column-has-shadow fusion-flex-justify-content-flex-start fusion-content-layout-column\"><nav class=\"fusion-breadcrumbs fusion-breadcrumbs-1\" style=\"--awb-alignment:left;--awb-breadcrumb-sep:&#039;&gt;&#039;;text-align:left;\" aria-label=\"Breadcrumb\"><nav aria-label=\"breadcrumbs\" class=\"rank-math-breadcrumb\"><p><span class=\"last\">Home<\/span><\/p><\/nav><\/nav><\/div><\/div><\/div><\/div><div class=\"fusion-fullwidth fullwidth-box fusion-builder-row-3 fusion-flex-container has-pattern-background has-mask-background hundred-percent-fullwidth non-hundred-percent-height-scrolling\" style=\"--awb-border-radius-top-left:0px;--awb-border-radius-top-right:0px;--awb-border-radius-bottom-right:0px;--awb-border-radius-bottom-left:0px;--awb-flex-wrap:wrap;\" ><div class=\"fusion-builder-row fusion-row fusion-flex-align-items-flex-start fusion-flex-content-wrap\" style=\"width:104% !important;max-width:104% !important;margin-left: calc(-4% \/ 2 );margin-right: calc(-4% \/ 2 );\"><div class=\"fusion-layout-column fusion_builder_column fusion-builder-column-3 fusion_builder_column_1_1 1_1 fusion-flex-column\" style=\"--awb-bg-size:cover;--awb-width-large:100%;--awb-margin-top-large:0px;--awb-spacing-right-large:1.92%;--awb-margin-bottom-large:20px;--awb-spacing-left-large:1.92%;--awb-width-medium:100%;--awb-order-medium:0;--awb-spacing-right-medium:1.92%;--awb-spacing-left-medium:1.92%;--awb-width-small:100%;--awb-order-small:0;--awb-spacing-right-small:1.92%;--awb-spacing-left-small:1.92%;\"><div class=\"fusion-column-wrapper fusion-column-has-shadow fusion-flex-justify-content-flex-start fusion-content-layout-column\"><div class=\"fusion-title title fusion-title-2 fusion-sep-none fusion-title-text fusion-title-size-two\" style=\"--awb-margin-top-small:10px;--awb-margin-right-small:0px;--awb-margin-bottom-small:10px;--awb-margin-left-small:0px;\"><h2 class=\"fusion-title-heading title-heading-left fusion-responsive-typography-calculated\" style=\"margin:0;--fontSize:32;line-height:var(--awb-typography1-line-height);\">Vision om pr\u00e6cisionslandbrug. Siden 1960<\/h2><\/div><div class=\"fusion-text fusion-text-1\"><p>Homburg er import\u00f8r i Holland og Belgien af forskellige m\u00e6rker. For eksempel importerer vi produkter og teknologi fra Ag Leader Technology. Som producent producerer og eksporterer vi vores SmartSOLUTIONS til hele verden, s\u00e5 man kan arbejde smartere uden at arbejde h\u00e5rdere. Inden for kategorien <b style=\"color: var(--awb-color2);\"><a href=\"\/nl\/productcategorie\/precisielandbouw\/\">pr\u00e6cisionslandbrug<\/a><\/b> er Ekobot med sine robotsystemer fremtiden for mekanisk ukrudtsbek\u00e6mpelse uden brug af menneskeh\u00e6nder.<\/p>\n<\/div><\/div><\/div><\/div><\/div><div class=\"fusion-fullwidth fullwidth-box fusion-builder-row-4 fusion-flex-container has-pattern-background has-mask-background hundred-percent-fullwidth non-hundred-percent-height-scrolling\" style=\"--awb-border-radius-top-left:0px;--awb-border-radius-top-right:0px;--awb-border-radius-bottom-right:0px;--awb-border-radius-bottom-left:0px;--awb-padding-top:0px;--awb-padding-right:0px;--awb-padding-bottom:0px;--awb-padding-left:0px;--awb-flex-wrap:wrap;\" ><div class=\"fusion-builder-row fusion-row fusion-flex-align-items-stretch fusion-flex-content-wrap\" style=\"width:calc( 100% + 0px ) !important;max-width:calc( 100% + 0px ) !important;margin-left: calc(-0px \/ 2 );margin-right: calc(-0px \/ 2 );\"><div class=\"fusion-layout-column fusion_builder_column fusion-builder-column-4 fusion_builder_column_1_2 1_2 fusion-flex-column\" style=\"--awb-padding-top:100px;--awb-padding-right:10%;--awb-padding-bottom:100px;--awb-padding-left:10%;--awb-bg-color:var(--awb-color4);--awb-bg-color-hover:var(--awb-color4);--awb-bg-size:cover;--awb-width-large:50%;--awb-margin-top-large:0px;--awb-spacing-right-large:0px;--awb-margin-bottom-large:0px;--awb-spacing-left-large:0px;--awb-width-medium:50%;--awb-order-medium:0;--awb-spacing-right-medium:0px;--awb-spacing-left-medium:0px;--awb-width-small:100%;--awb-order-small:0;--awb-spacing-right-small:0px;--awb-spacing-left-small:0px;\"><div class=\"fusion-column-wrapper fusion-column-has-shadow fusion-flex-justify-content-flex-start fusion-content-layout-column\"><div class=\"fusion-text fusion-text-2\" style=\"--awb-text-color:var(--awb-color3);\"><p style=\"font-weight: 400;\">Effektivt og b\u00e6redygtigt landbrug starter med optimale jordbundsforhold gennem <strong><a href=\"\/nl\/productcategorie\/watermanagement\/\">vandforvaltning<\/a><\/strong>. Til dette form\u00e5l har Homburg designet Draincleaners. Siden 1970 er disse afl\u00f8bsrensere blevet eksporteret til mere end 40 lande.<\/p>\n<p style=\"font-weight: 400;\">Vores st\u00f8tte til <strong><a href=\"https:\/\/www.homburg-holland.com\/nl\/productcategorie\/grondbewerking\/\">jordbearbejdning<\/a><\/strong> og <strong><a href=\"\/nl\/productcategorie\/zaai-en-planttechniek\/\">s\u00e5ningsteknologi<\/a><\/strong> giver vi i form af svenske V\u00e4derstad jordbearbejdnings- og s\u00e5maskiner i topkvalitet og Stanhay s\u00e5maskiner. Disse pr\u00e6cisionss\u00e5maskiner kan s\u00e5 over 200 forskellige gr\u00f8ntsager. Rabes jordbearbejdningssortiment fuldender jordbearbejdningstilbuddet med ploven og harven.<\/p>\n<p style=\"font-weight: 400;\">Homburg har v\u00e6ret import\u00f8r af HARDI spr\u00f8jter siden 1961. <strong><a href=\"\/nl\/productcategorie\/gewasverzorging\/\">Pleje af afgr\u00f8der<\/a><\/strong> er enormt vigtigt for at opn\u00e5 v\u00e6kst. T\u00e6nk p\u00e5 afgr\u00f8debeskyttelse, g\u00f8dskning og mekanisk ukrudtsbek\u00e6mpelse. Med Bogballe-spredere kan g\u00f8dning spredes med pr\u00e6cision p\u00e5 de steder, hvor der er behov for det. Ukrudtet bek\u00e6mpes p\u00e5 forskellig vis med Novaxis vuggeharve, Garfords hakker og Z\u00fcrn TOP CUT COLLECT, hvor ukrudtet sk\u00e6res af og bortskaffes. Med de ovenn\u00e6vnte m\u00e6rker er Homburgs m\u00e6rkepalet repr\u00e6senteret fra f\u00f8rste til sidste fase.<\/p>\n<\/div><\/div><\/div><div class=\"fusion-layout-column fusion_builder_column fusion-builder-column-5 fusion_builder_column_1_2 1_2 fusion-flex-column\" style=\"--awb-bg-position:center center;--awb-bg-size:cover;--awb-width-large:50%;--awb-margin-top-large:0px;--awb-spacing-right-large:0px;--awb-margin-bottom-large:0px;--awb-spacing-left-large:0px;--awb-width-medium:50%;--awb-order-medium:0;--awb-spacing-right-medium:0px;--awb-spacing-left-medium:0px;--awb-width-small:100%;--awb-order-small:0;--awb-spacing-right-small:0px;--awb-spacing-left-small:0px;\"><div class=\"fusion-column-wrapper lazyload fusion-column-has-shadow fusion-flex-justify-content-flex-start fusion-content-layout-column fusion-empty-column-bg-image fusion-column-has-bg-image\" data-bg-url=\"https:\/\/www.homburg-holland.com\/wp-content\/uploads\/2023\/09\/Gras.jpeg\" data-bg=\"https:\/\/www.homburg-holland.com\/wp-content\/uploads\/2023\/09\/Gras.jpeg\"><img decoding=\"async\" class=\"fusion-empty-dims-img-placeholder fusion-no-large-visibility fusion-no-medium-visibility\" aria-label=\"Gras\" src=\"data:image\/svg+xml,%3Csvg%20xmlns%3D%27http%3A%2F%2Fwww.w3.org%2F2000%2Fsvg%27%20width%3D%27800%27%20height%3D%27534%27%20viewBox%3D%270%200%20800%20534%27%3E%3Crect%20width%3D%27800%27%20height%3D%27534%27%20fill-opacity%3D%220%22%2F%3E%3C%2Fsvg%3E\"><\/div><\/div><\/div><\/div><\/p>\n","protected":false},"excerpt":{"rendered":"","protected":false},"author":1,"featured_media":1033,"parent":0,"menu_order":0,"comment_status":"closed","ping_status":"closed","template":"100-width.php","meta":{"_acf_changed":false,"footnotes":""},"kenmerk":[133],"class_list":["post-17321","page","type-page","status-publish","has-post-thumbnail","hentry"],"acf":[],"_links":{"self":[{"href":"https:\/\/www.homburg-holland.com\/da\/wp-json\/wp\/v2\/pages\/17321","targetHints":{"allow":["GET"]}}],"collection":[{"href":"https:\/\/www.homburg-holland.com\/da\/wp-json\/wp\/v2\/pages"}],"about":[{"href":"https:\/\/www.homburg-holland.com\/da\/wp-json\/wp\/v2\/types\/page"}],"author":[{"embeddable":true,"href":"https:\/\/www.homburg-holland.com\/da\/wp-json\/wp\/v2\/users\/1"}],"replies":[{"embeddable":true,"href":"https:\/\/www.homburg-holland.com\/da\/wp-json\/wp\/v2\/comments?post=17321"}],"version-history":[{"count":0,"href":"https:\/\/www.homburg-holland.com\/da\/wp-json\/wp\/v2\/pages\/17321\/revisions"}],"wp:featuredmedia":[{"embeddable":true,"href":"https:\/\/www.homburg-holland.com\/da\/wp-json\/wp\/v2\/media\/1033"}],"wp:attachment":[{"href":"https:\/\/www.homburg-holland.com\/da\/wp-json\/wp\/v2\/media?parent=17321"}],"wp:term":[{"taxonomy":"kenmerk","embeddable":true,"href":"https:\/\/www.homburg-holland.com\/da\/wp-json\/wp\/v2\/kenmerk?post=17321"}],"curies":[{"name":"wp","href":"https:\/\/api.w.org\/{rel}","templated":true}]}}